{"id":364,"date":"2024-07-12T14:25:36","date_gmt":"2024-07-12T11:25:36","guid":{"rendered":"https:\/\/gumbetyelken.com\/?page_id=364"},"modified":"2024-07-19T22:18:08","modified_gmt":"2024-07-19T19:18:08","slug":"vizyon","status":"publish","type":"page","link":"https:\/\/gumbetyelken.com\/index.php\/vizyon\/","title":{"rendered":"Vizyonumuz"},"content":{"rendered":"\t\t<div data-elementor-type=\"wp-page\" data-elementor-id=\"364\" class=\"elementor elementor-364\">\n\t\t\t\t<div class=\"elementor-element elementor-element-c267671 e-flex e-con-boxed e-con e-parent\" data-id=\"c267671\" data-element_type=\"container\">\n\t\t\t\t\t<div class=\"e-con-inner\">\n\t\t\t\t<div class=\"elementor-element elementor-element-8acbf0c elementor-widget elementor-widget-text-editor\" data-id=\"8acbf0c\" data-element_type=\"widget\" data-widget_type=\"text-editor.default\">\n\t\t\t\t<div class=\"elementor-widget-container\">\n\t\t\t<style>\/*! elementor - v3.21.0 - 26-05-2024 *\/\n.elementor-widget-text-editor.elementor-drop-cap-view-stacked .elementor-drop-cap{background-color:#69727d;color:#fff}.elementor-widget-text-editor.elementor-drop-cap-view-framed .elementor-drop-cap{color:#69727d;border:3px solid;background-color:transparent}.elementor-widget-text-editor:not(.elementor-drop-cap-view-default) .elementor-drop-cap{margin-top:8px}.elementor-widget-text-editor:not(.elementor-drop-cap-view-default) .elementor-drop-cap-letter{width:1em;height:1em}.elementor-widget-text-editor .elementor-drop-cap{float:left;text-align:center;line-height:1;font-size:50px}.elementor-widget-text-editor .elementor-drop-cap-letter{display:inline-block}<\/style>\t\t\t\t<p>Kurucu Liderimiz Gazi Mustafa Kemal Atat\u00fcrk&#8217;\u00fcn 1937 y\u0131l\u0131nda spor ve sporcular hakk\u0131nda yapt\u0131\u011f\u0131 bir a\u00e7\u0131klamada, \u201cSpor, yaln\u0131z bedensel yeteneklerin \u00fcst\u00fcnl\u00fc\u011f\u00fc say\u0131lmaz. Kavray\u0131\u015f ve ahl\u00e2k da bu i\u015fe yard\u0131m eder. Zek\u00e2s\u0131 ve kavray\u0131\u015f\u0131 az olan g\u00fc\u00e7l\u00fc ki\u015filer, zek\u00e2s\u0131 ve kavray\u0131\u015f\u0131 y\u00fcksek d\u00fczeyde olan daha az g\u00fc\u00e7l\u00fclerle ba\u015fa \u00e7\u0131kamazlar. Ben sporcunun zeki, \u00e7evik ve ayn\u0131 zamanda ahl\u00e2kl\u0131s\u0131n\u0131 severim\u201d s\u00f6zleriyle sporun \u00fclkemizin ilerlemesine sa\u011flayaca\u011f\u0131 katk\u0131lara dikkat \u00e7ekmi\u015f ve d\u00fc\u015f\u00fcnsel yeteneklere sahip, \u00f6ng\u00f6r\u00fcl\u00fc, d\u00fczeni koruyan, so\u011fukkanl\u0131, esnek, becerikli, dayan\u0131kl\u0131 ve bilge bir neslin yeti\u015ftirilmesini vurgulam\u0131\u015ft\u0131r.<\/p><p>Bu ilke do\u011frultusunda, G\u00fcmbet Yelken Spor Kul\u00fcb\u00fc olarak, g\u00fc\u00e7l\u00fc ve ba\u015far\u0131l\u0131 nesiller yeti\u015ftirmeyi, sporu ahlak kurallar\u0131yla b\u00fct\u00fcnle\u015ftirerek topluma benimsetmeyi ve yar\u0131nlara miras b\u0131rakaca\u011f\u0131m\u0131z g\u00fc\u00e7l\u00fc bir olu\u015fumu s\u00fcrd\u00fcrmeyi ama\u00e7lamaktay\u0131z. Vizyonumuz, sadece fiziksel yeteneklerin \u00f6tesinde, zeka, kavray\u0131\u015f ve ahlak\u0131n \u00f6n planda oldu\u011fu bir spor anlay\u0131\u015f\u0131n\u0131 yayg\u0131nla\u015ft\u0131rarak, \u00fclkemizin sportif ve k\u00fclt\u00fcrel geli\u015fimine katk\u0131da bulunmakt\u0131r.<\/p><p>Bu hedeflere ula\u015fmak i\u00e7in, disiplinli, kararl\u0131 ve yenilik\u00e7i bir yakla\u015f\u0131mla \u00e7al\u0131\u015fmalar\u0131m\u0131z\u0131 s\u00fcrd\u00fcrecek; sporcular\u0131m\u0131z\u0131n zihinsel, ahlaki ve fiziksel geli\u015fimlerini destekleyerek topluma \u00f6rnek bireyler kazand\u0131rmay\u0131 ama\u00e7layaca\u011f\u0131z. G\u00fcmbet Yelken Spor Kul\u00fcb\u00fc olarak, sporun bir ya\u015fam bi\u00e7imi oldu\u011funu benimseyen ve bu de\u011ferleri gelecek nesillere aktaracak bir k\u00fclt\u00fcr\u00fc in\u015fa etmek i\u00e7in var g\u00fcc\u00fcm\u00fczle \u00e7al\u0131\u015fmaya devam edece\u011fiz.<\/p>\t\t\t\t\t\t<\/div>\n\t\t\t\t<\/div>\n\t\t\t\t\t<\/div>\n\t\t\t\t<\/div>\n\t\t\t\t<\/div>\n\t\t","protected":false},"excerpt":{"rendered":"<p>Kurucu Liderimiz Gazi Mustafa Kemal Atat\u00fcrk&#8217;\u00fcn 1937 y\u0131l\u0131nda spor ve sporcular hakk\u0131nda yapt\u0131\u011f\u0131 bir a\u00e7\u0131klamada, \u201cSpor, yaln\u0131z bedensel yeteneklerin \u00fcst\u00fcnl\u00fc\u011f\u00fc say\u0131lmaz. Kavray\u0131\u015f ve ahl\u00e2k da bu i\u015fe yard\u0131m eder. Zek\u00e2s\u0131 ve kavray\u0131\u015f\u0131 az olan g\u00fc\u00e7l\u00fc ki\u015filer, zek\u00e2s\u0131 ve kavray\u0131\u015f\u0131 y\u00fcksek d\u00fczeyde olan daha az g\u00fc\u00e7l\u00fclerle ba\u015fa \u00e7\u0131kamazlar. Ben sporcunun zeki, \u00e7evik ve ayn\u0131 zamanda ahl\u00e2kl\u0131s\u0131n\u0131&hellip;<\/p>\n","protected":false},"author":1,"featured_media":0,"parent":0,"menu_order":0,"comment_status":"closed","ping_status":"closed","template":"","meta":{"footnotes":""},"class_list":["post-364","page","type-page","status-publish","hentry"],"_links":{"self":[{"href":"https:\/\/gumbetyelken.com\/index.php\/wp-json\/wp\/v2\/pages\/364","targetHints":{"allow":["GET"]}}],"collection":[{"href":"https:\/\/gumbetyelken.com\/index.php\/wp-json\/wp\/v2\/pages"}],"about":[{"href":"https:\/\/gumbetyelken.com\/index.php\/wp-json\/wp\/v2\/types\/page"}],"author":[{"embeddable":true,"href":"https:\/\/gumbetyelken.com\/index.php\/wp-json\/wp\/v2\/users\/1"}],"replies":[{"embeddable":true,"href":"https:\/\/gumbetyelken.com\/index.php\/wp-json\/wp\/v2\/comments?post=364"}],"version-history":[{"count":20,"href":"https:\/\/gumbetyelken.com\/index.php\/wp-json\/wp\/v2\/pages\/364\/revisions"}],"predecessor-version":[{"id":468,"href":"https:\/\/gumbetyelken.com\/index.php\/wp-json\/wp\/v2\/pages\/364\/revisions\/468"}],"wp:attachment":[{"href":"https:\/\/gumbetyelken.com\/index.php\/wp-json\/wp\/v2\/media?parent=364"}],"curies":[{"name":"wp","href":"https:\/\/api.w.org\/{rel}","templated":true}]}}