{"id":369,"date":"2024-07-15T13:33:56","date_gmt":"2024-07-15T10:33:56","guid":{"rendered":"https:\/\/gumbetyelken.com\/?page_id=369"},"modified":"2024-07-19T22:20:14","modified_gmt":"2024-07-19T19:20:14","slug":"misyonumuz","status":"publish","type":"page","link":"https:\/\/gumbetyelken.com\/index.php\/misyonumuz\/","title":{"rendered":"Misyonumuz"},"content":{"rendered":"\t\t<div data-elementor-type=\"wp-page\" data-elementor-id=\"369\" class=\"elementor elementor-369\">\n\t\t\t\t<div class=\"elementor-element elementor-element-b5fb8ac e-flex e-con-boxed e-con e-parent\" data-id=\"b5fb8ac\" data-element_type=\"container\">\n\t\t\t\t\t<div class=\"e-con-inner\">\n\t\t\t\t<div class=\"elementor-element elementor-element-98a5da8 elementor-widget elementor-widget-text-editor\" data-id=\"98a5da8\" data-element_type=\"widget\" data-widget_type=\"text-editor.default\">\n\t\t\t\t<div class=\"elementor-widget-container\">\n\t\t\t<style>\/*! elementor - v3.21.0 - 26-05-2024 *\/\n.elementor-widget-text-editor.elementor-drop-cap-view-stacked .elementor-drop-cap{background-color:#69727d;color:#fff}.elementor-widget-text-editor.elementor-drop-cap-view-framed .elementor-drop-cap{color:#69727d;border:3px solid;background-color:transparent}.elementor-widget-text-editor:not(.elementor-drop-cap-view-default) .elementor-drop-cap{margin-top:8px}.elementor-widget-text-editor:not(.elementor-drop-cap-view-default) .elementor-drop-cap-letter{width:1em;height:1em}.elementor-widget-text-editor .elementor-drop-cap{float:left;text-align:center;line-height:1;font-size:50px}.elementor-widget-text-editor .elementor-drop-cap-letter{display:inline-block}<\/style>\t\t\t\t<div id=\"lipsum\"><p>G\u00fcmbet Yelken Spor Kul\u00fcb\u00fc olarak, \u00f6ncelikli hedeflerimizden biri, spor yapan \u00e7ocuklar ve gen\u00e7lerin motor geli\u015fimi, atletik kondisyon ve spor psikolojisi alanlar\u0131ndaki en g\u00fcncel ara\u015ft\u0131rmalar\u0131 takip ederek, s\u00fcrekli e\u011fitimi her zaman \u00f6n planda tutmakt\u0131r. Bu do\u011frultuda, gen\u00e7 sporcular\u0131m\u0131z\u0131n fiziksel ve zihinsel geli\u015fimlerini en \u00fcst d\u00fczeye \u00e7\u0131karmak amac\u0131yla, en son bilimsel veriler \u0131\u015f\u0131\u011f\u0131nda e\u011fitim programlar\u0131 d\u00fczenleyece\u011fiz.<\/p><p>Kul\u00fcb\u00fcm\u00fcz\u00fcn bir di\u011fer \u00f6nceli\u011fi, teknik beceriler ve sportif performansa odaklanman\u0131n \u00f6tesinde, e\u011flenerek \u00f6\u011frenmenin ve fiziksel aktiviteye ya\u015fam boyu ilgi duyman\u0131n \u00f6nemini vurgulamakt\u0131r. Bu yakla\u015f\u0131mla, bireylerin \u00e7ocukluk ve ergenlik d\u00f6nemlerindeki fark\u0131ndal\u0131klar\u0131n\u0131 art\u0131rarak, sporun keyifli ve sa\u011fl\u0131kl\u0131 bir ya\u015fam tarz\u0131n\u0131n temel unsuru oldu\u011funu benimsetmeyi ama\u00e7l\u0131yoruz.<\/p><p>Sporcular\u0131m\u0131z\u0131n fiziksel okuryazarl\u0131\u011f\u0131n\u0131 geli\u015ftirirken, spora \u00f6zg\u00fc \u00e7eviklik, denge, koordinasyon ve h\u0131z gerektiren temel motor becerileri ile nesne kontrol becerilerini, geli\u015fim ve ilerleme d\u00f6nemlerinde peki\u015ftirmek de \u00f6nceliklerimiz aras\u0131ndad\u0131r. Pozitif e\u011fitim anlay\u0131\u015f\u0131yla, sporcular\u0131m\u0131z\u0131n motivasyonunu y\u00fcksek tutarak, spora olan ilgilerini s\u00fcrekli k\u0131lmay\u0131 hedeflemekteyiz.<\/p><p>G\u00fcmbet Yelken Spor Kul\u00fcb\u00fc olarak, gen\u00e7lerimizin sadece sportif anlamda de\u011fil, ayn\u0131 zamanda ki\u015fisel ve sosyal geli\u015fimlerine de katk\u0131da bulunarak, sa\u011fl\u0131kl\u0131, bilin\u00e7li ve ba\u015far\u0131l\u0131 bireyler olarak yeti\u015fmelerine \u00f6nc\u00fcl\u00fck edece\u011fiz.<\/p><\/div>\t\t\t\t\t\t<\/div>\n\t\t\t\t<\/div>\n\t\t\t\t\t<\/div>\n\t\t\t\t<\/div>\n\t\t\t\t<\/div>\n\t\t","protected":false},"excerpt":{"rendered":"<p>G\u00fcmbet Yelken Spor Kul\u00fcb\u00fc olarak, \u00f6ncelikli hedeflerimizden biri, spor yapan \u00e7ocuklar ve gen\u00e7lerin motor geli\u015fimi, atletik kondisyon ve spor psikolojisi alanlar\u0131ndaki en g\u00fcncel ara\u015ft\u0131rmalar\u0131 takip ederek, s\u00fcrekli e\u011fitimi her zaman \u00f6n planda tutmakt\u0131r. Bu do\u011frultuda, gen\u00e7 sporcular\u0131m\u0131z\u0131n fiziksel ve zihinsel geli\u015fimlerini en \u00fcst d\u00fczeye \u00e7\u0131karmak amac\u0131yla, en son bilimsel veriler \u0131\u015f\u0131\u011f\u0131nda e\u011fitim programlar\u0131 d\u00fczenleyece\u011fiz. Kul\u00fcb\u00fcm\u00fcz\u00fcn&hellip;<\/p>\n","protected":false},"author":1,"featured_media":0,"parent":0,"menu_order":0,"comment_status":"closed","ping_status":"closed","template":"","meta":{"footnotes":""},"class_list":["post-369","page","type-page","status-publish","hentry"],"_links":{"self":[{"href":"https:\/\/gumbetyelken.com\/index.php\/wp-json\/wp\/v2\/pages\/369","targetHints":{"allow":["GET"]}}],"collection":[{"href":"https:\/\/gumbetyelken.com\/index.php\/wp-json\/wp\/v2\/pages"}],"about":[{"href":"https:\/\/gumbetyelken.com\/index.php\/wp-json\/wp\/v2\/types\/page"}],"author":[{"embeddable":true,"href":"https:\/\/gumbetyelken.com\/index.php\/wp-json\/wp\/v2\/users\/1"}],"replies":[{"embeddable":true,"href":"https:\/\/gumbetyelken.com\/index.php\/wp-json\/wp\/v2\/comments?post=369"}],"version-history":[{"count":7,"href":"https:\/\/gumbetyelken.com\/index.php\/wp-json\/wp\/v2\/pages\/369\/revisions"}],"predecessor-version":[{"id":471,"href":"https:\/\/gumbetyelken.com\/index.php\/wp-json\/wp\/v2\/pages\/369\/revisions\/471"}],"wp:attachment":[{"href":"https:\/\/gumbetyelken.com\/index.php\/wp-json\/wp\/v2\/media?parent=369"}],"curies":[{"name":"wp","href":"https:\/\/api.w.org\/{rel}","templated":true}]}}