{"id":373,"date":"2024-07-15T13:35:35","date_gmt":"2024-07-15T10:35:35","guid":{"rendered":"https:\/\/gumbetyelken.com\/?page_id=373"},"modified":"2024-08-16T00:47:31","modified_gmt":"2024-08-15T21:47:31","slug":"kurucularimiz","status":"publish","type":"page","link":"https:\/\/gumbetyelken.com\/index.php\/kurucularimiz\/","title":{"rendered":"Kurucular\u0131m\u0131z"},"content":{"rendered":"\t\t<div data-elementor-type=\"wp-page\" data-elementor-id=\"373\" class=\"elementor elementor-373\">\n\t\t\t\t<div class=\"elementor-element elementor-element-f030445 e-flex e-con-boxed e-con e-parent\" data-id=\"f030445\" data-element_type=\"container\">\n\t\t\t\t\t<div class=\"e-con-inner\">\n\t\t\t\t<div class=\"elementor-element elementor-element-dbd4be1 elementor-widget elementor-widget-futurio-extra-posts\" data-id=\"dbd4be1\" data-element_type=\"widget\" data-widget_type=\"futurio-extra-posts.default\">\n\t\t\t\t<div class=\"elementor-widget-container\">\n\t\t\t\n\t\t\t<div class=\"f-posts-shortcode\">\n\t\t\t\t<div class=\"latest-news-wrapper\">\n\t\t\t\t\t\t\t\t\t\t\t<article id=\"post-23\" class=\"news-item text-center col-md-4 post-23 post type-post status-publish format-standard has-post-thumbnail hentry category-kurucular\">\n\t\t\t\t\t\t\t<div class=\"entry-thumb\">\n\t\t\t\t\t\t\t\t\t\t\t<div class=\"news-thumb \">\n\t\t\t\t<a href=\"https:\/\/gumbetyelken.com\/index.php\/2024\/08\/16\/avni-kozan\/\" title=\"Avni Kozan\">\n\t\t\t\t\t<img fetchpriority=\"high\" decoding=\"async\" width=\"240\" height=\"240\" src=\"https:\/\/gumbetyelken.com\/wp-content\/uploads\/2018\/10\/avni_kozan-240x240.png\" class=\"attachment-futurio-med size-futurio-med wp-post-image\" alt=\"\" srcset=\"https:\/\/gumbetyelken.com\/wp-content\/uploads\/2018\/10\/avni_kozan-240x240.png 240w, https:\/\/gumbetyelken.com\/wp-content\/uploads\/2018\/10\/avni_kozan-150x150.png 150w, https:\/\/gumbetyelken.com\/wp-content\/uploads\/2018\/10\/avni_kozan-300x300.png 300w, https:\/\/gumbetyelken.com\/wp-content\/uploads\/2018\/10\/avni_kozan-768x768.png 768w, https:\/\/gumbetyelken.com\/wp-content\/uploads\/2018\/10\/avni_kozan.png 900w\" sizes=\"(max-width: 240px) 100vw, 240px\" \/>\t\t\t\t<\/a>\n\t\t\t<\/div><!-- .news-thumb -->\n\t\t\t\t\t\t\t\t\t<\/div>\t\t\t\t\t\t\n\t\t\t\t\t\t\t<h4 class=\"entry-title\"><a href=\"https:\/\/gumbetyelken.com\/index.php\/2024\/08\/16\/avni-kozan\/\" rel=\"bookmark\">Avni Kozan<\/a><\/h4>\t\t\t\t\t\t\t<div class=\"f-line\"><\/div>\n\t\t\t\t\t\t\t<div class=\"post-excerpt\">\n\t\t\t\t\t\t\t\t1970 y\u0131l\u0131nda Elaz\u0131\u011f&#8217;da do\u011fan Avni Kozan, \u0130\u015fletme lisans e\u011fitimini tamamlad\u0131ktan sonra kariyerine kamu sekt\u00f6r\u00fcnde ad\u0131m atm\u0131\u015ft\u0131r. 26 y\u0131l boyunca kamu sekt\u00f6r\u00fcnde edindi\u011fi deneyimle, \u00e7e\u015fitli kademelerde \u00f6nemli g\u00f6revler \u00fcstlenmi\u015ftir. Bu s\u00fcre\u00e7te iki b\u00fcy\u00fck holdingde sat\u0131nalma koordinat\u00f6r\u00fc&hellip;\t\t\t\t\t\t\t<\/div>\n\t\t\t\t\t\t<\/article>\n\t\t\t\t\t\t\t\t\t\t\t<article id=\"post-544\" class=\"news-item text-center col-md-4 post-544 post type-post status-publish format-standard has-post-thumbnail hentry category-kurucular\">\n\t\t\t\t\t\t\t<div class=\"entry-thumb\">\n\t\t\t\t\t\t\t\t\t\t\t<div class=\"news-thumb \">\n\t\t\t\t<a href=\"https:\/\/gumbetyelken.com\/index.php\/2024\/08\/15\/yilmaz-mansuroglu\/\" title=\"Y\u0131lmaz Mansuro\u011flu\">\n\t\t\t\t\t<img decoding=\"async\" width=\"240\" height=\"240\" src=\"https:\/\/gumbetyelken.com\/wp-content\/uploads\/2024\/08\/YilmazMansuroglu-240x240.png\" class=\"attachment-futurio-med size-futurio-med wp-post-image\" alt=\"\" srcset=\"https:\/\/gumbetyelken.com\/wp-content\/uploads\/2024\/08\/YilmazMansuroglu-240x240.png 240w, https:\/\/gumbetyelken.com\/wp-content\/uploads\/2024\/08\/YilmazMansuroglu-300x300.png 300w, https:\/\/gumbetyelken.com\/wp-content\/uploads\/2024\/08\/YilmazMansuroglu-1024x1024.png 1024w, https:\/\/gumbetyelken.com\/wp-content\/uploads\/2024\/08\/YilmazMansuroglu-150x150.png 150w, https:\/\/gumbetyelken.com\/wp-content\/uploads\/2024\/08\/YilmazMansuroglu-768x768.png 768w, https:\/\/gumbetyelken.com\/wp-content\/uploads\/2024\/08\/YilmazMansuroglu.png 1080w\" sizes=\"(max-width: 240px) 100vw, 240px\" \/>\t\t\t\t<\/a>\n\t\t\t<\/div><!-- .news-thumb -->\n\t\t\t\t\t\t\t\t\t<\/div>\t\t\t\t\t\t\n\t\t\t\t\t\t\t<h4 class=\"entry-title\"><a href=\"https:\/\/gumbetyelken.com\/index.php\/2024\/08\/15\/yilmaz-mansuroglu\/\" rel=\"bookmark\">Y\u0131lmaz Mansuro\u011flu<\/a><\/h4>\t\t\t\t\t\t\t<div class=\"f-line\"><\/div>\n\t\t\t\t\t\t\t<div class=\"post-excerpt\">\n\t\t\t\t\t\t\t\tElaz\u0131\u011f do\u011fumlu olan Y\u0131lmaz Mansuro\u011flu, 1973 y\u0131l\u0131nda d\u00fcnyaya geldi ve gen\u00e7 ya\u015fta turizm sekt\u00f6r\u00fcne ad\u0131m att\u0131. Ticari hayat\u0131na Bursa&#8217;da \u00fc\u00e7 y\u0131ld\u0131zl\u0131 bir otelle ba\u015flayan Mansuro\u011flu, azmi ve \u00e7al\u0131\u015fkanl\u0131\u011f\u0131yla h\u0131zla b\u00fcy\u00fcyerek turizm sekt\u00f6r\u00fcnde ad\u0131ndan s\u00f6z ettirmeyi&hellip;\t\t\t\t\t\t\t<\/div>\n\t\t\t\t\t\t<\/article>\n\t\t\t\t\t\t\t\t\t\t\t<article id=\"post-539\" class=\"news-item text-center col-md-4 post-539 post type-post status-publish format-standard has-post-thumbnail hentry category-kurucular\">\n\t\t\t\t\t\t\t<div class=\"entry-thumb\">\n\t\t\t\t\t\t\t\t\t\t\t<div class=\"news-thumb \">\n\t\t\t\t<a href=\"https:\/\/gumbetyelken.com\/index.php\/2024\/08\/14\/ozkan-guctekin\/\" title=\"\u00d6zkan G\u00fc\u00e7tekin\">\n\t\t\t\t\t<img decoding=\"async\" width=\"240\" height=\"240\" src=\"https:\/\/gumbetyelken.com\/wp-content\/uploads\/2024\/08\/ozkan_guctekin-240x240.png\" class=\"attachment-futurio-med size-futurio-med wp-post-image\" alt=\"\" srcset=\"https:\/\/gumbetyelken.com\/wp-content\/uploads\/2024\/08\/ozkan_guctekin-240x240.png 240w, https:\/\/gumbetyelken.com\/wp-content\/uploads\/2024\/08\/ozkan_guctekin-300x300.png 300w, https:\/\/gumbetyelken.com\/wp-content\/uploads\/2024\/08\/ozkan_guctekin-150x150.png 150w, https:\/\/gumbetyelken.com\/wp-content\/uploads\/2024\/08\/ozkan_guctekin-768x768.png 768w, https:\/\/gumbetyelken.com\/wp-content\/uploads\/2024\/08\/ozkan_guctekin.png 900w\" sizes=\"(max-width: 240px) 100vw, 240px\" \/>\t\t\t\t<\/a>\n\t\t\t<\/div><!-- .news-thumb -->\n\t\t\t\t\t\t\t\t\t<\/div>\t\t\t\t\t\t\n\t\t\t\t\t\t\t<h4 class=\"entry-title\"><a href=\"https:\/\/gumbetyelken.com\/index.php\/2024\/08\/14\/ozkan-guctekin\/\" rel=\"bookmark\">\u00d6zkan G\u00fc\u00e7tekin<\/a><\/h4>\t\t\t\t\t\t\t<div class=\"f-line\"><\/div>\n\t\t\t\t\t\t\t<div class=\"post-excerpt\">\n\t\t\t\t\t\t\t\t1969 y\u0131l\u0131nda Tunceli&#8217;de do\u011fan \u00d6zkan G\u00fc\u00e7tekin, Sinema, Radyo ve Televizyon alan\u0131nda e\u011fitim alarak medya ve ileti\u015fim d\u00fcnyas\u0131nda derin bir bilgi birikimi edinmi\u015ftir. E\u011fitim s\u00fcrecinde kazand\u0131\u011f\u0131 teorik bilgileri prati\u011fe d\u00f6kme konusunda ba\u015far\u0131l\u0131 olan G\u00fc\u00e7tekin, sekt\u00f6rde bir\u00e7ok&hellip;\t\t\t\t\t\t\t<\/div>\n\t\t\t\t\t\t<\/article>\n\t\t\t\t\t\t\t\t\t\t\t<article id=\"post-533\" class=\"news-item text-center col-md-4 post-533 post type-post status-publish format-standard has-post-thumbnail hentry category-kurucular\">\n\t\t\t\t\t\t\t<div class=\"entry-thumb\">\n\t\t\t\t\t\t\t\t\t\t\t<div class=\"news-thumb \">\n\t\t\t\t<a href=\"https:\/\/gumbetyelken.com\/index.php\/2024\/08\/13\/sinan-atasoy\/\" title=\"Sinan Atasoy\">\n\t\t\t\t\t<img loading=\"lazy\" decoding=\"async\" width=\"240\" height=\"240\" src=\"https:\/\/gumbetyelken.com\/wp-content\/uploads\/2024\/08\/sinan_atasoy-240x240.png\" class=\"attachment-futurio-med size-futurio-med wp-post-image\" alt=\"\" srcset=\"https:\/\/gumbetyelken.com\/wp-content\/uploads\/2024\/08\/sinan_atasoy-240x240.png 240w, https:\/\/gumbetyelken.com\/wp-content\/uploads\/2024\/08\/sinan_atasoy-300x300.png 300w, https:\/\/gumbetyelken.com\/wp-content\/uploads\/2024\/08\/sinan_atasoy-150x150.png 150w, https:\/\/gumbetyelken.com\/wp-content\/uploads\/2024\/08\/sinan_atasoy-768x768.png 768w, https:\/\/gumbetyelken.com\/wp-content\/uploads\/2024\/08\/sinan_atasoy.png 900w\" sizes=\"(max-width: 240px) 100vw, 240px\" \/>\t\t\t\t<\/a>\n\t\t\t<\/div><!-- .news-thumb -->\n\t\t\t\t\t\t\t\t\t<\/div>\t\t\t\t\t\t\n\t\t\t\t\t\t\t<h4 class=\"entry-title\"><a href=\"https:\/\/gumbetyelken.com\/index.php\/2024\/08\/13\/sinan-atasoy\/\" rel=\"bookmark\">Sinan Atasoy<\/a><\/h4>\t\t\t\t\t\t\t<div class=\"f-line\"><\/div>\n\t\t\t\t\t\t\t<div class=\"post-excerpt\">\n\t\t\t\t\t\t\t\t1948 y\u0131l\u0131nda Erzincan&#8217;\u0131n Refahiye il\u00e7esinde do\u011fdu. \u0130DMMA (Y\u0131ld\u0131z Teknik \u00dcniversitesi) Mimarl\u0131k B\u00f6l\u00fcm\u00fc&#8217;nde 1971 y\u0131l\u0131nda lisans, 1975 y\u0131l\u0131nda y\u00fcksek lisans e\u011fitimlerini tamamlad\u0131. 1975 y\u0131l\u0131nda Atasoy Mimarl\u0131k B\u00fcrosu&#8217;nu kurdu ve 1980-1987 y\u0131llar\u0131 aras\u0131nda Y\u0131ld\u0131z Teknik \u00dcniversitesi Mimarl\u0131k&hellip;\t\t\t\t\t\t\t<\/div>\n\t\t\t\t\t\t<\/article>\n\t\t\t\t\t\t\t\t\t\t\t<article id=\"post-577\" class=\"news-item text-center col-md-4 post-577 post type-post status-publish format-standard has-post-thumbnail hentry category-kurucular\">\n\t\t\t\t\t\t\t<div class=\"entry-thumb\">\n\t\t\t\t\t\t\t\t\t\t\t<div class=\"news-thumb \">\n\t\t\t\t<a href=\"https:\/\/gumbetyelken.com\/index.php\/2024\/08\/12\/faruk-soysal\/\" title=\"Faruk Soysal\">\n\t\t\t\t\t<img loading=\"lazy\" decoding=\"async\" width=\"240\" height=\"240\" src=\"https:\/\/gumbetyelken.com\/wp-content\/uploads\/2024\/08\/faruk_soysal-240x240.png\" class=\"attachment-futurio-med size-futurio-med wp-post-image\" alt=\"\" srcset=\"https:\/\/gumbetyelken.com\/wp-content\/uploads\/2024\/08\/faruk_soysal-240x240.png 240w, https:\/\/gumbetyelken.com\/wp-content\/uploads\/2024\/08\/faruk_soysal-300x300.png 300w, https:\/\/gumbetyelken.com\/wp-content\/uploads\/2024\/08\/faruk_soysal-150x150.png 150w, https:\/\/gumbetyelken.com\/wp-content\/uploads\/2024\/08\/faruk_soysal-768x768.png 768w, https:\/\/gumbetyelken.com\/wp-content\/uploads\/2024\/08\/faruk_soysal.png 900w\" sizes=\"(max-width: 240px) 100vw, 240px\" \/>\t\t\t\t<\/a>\n\t\t\t<\/div><!-- .news-thumb -->\n\t\t\t\t\t\t\t\t\t<\/div>\t\t\t\t\t\t\n\t\t\t\t\t\t\t<h4 class=\"entry-title\"><a href=\"https:\/\/gumbetyelken.com\/index.php\/2024\/08\/12\/faruk-soysal\/\" rel=\"bookmark\">Faruk Soysal<\/a><\/h4>\t\t\t\t\t\t\t<div class=\"f-line\"><\/div>\n\t\t\t\t\t\t\t<div class=\"post-excerpt\">\n\t\t\t\t\t\t\t\tFaruk Soysal, 1990 y\u0131l\u0131nda Elaz\u0131\u011f\u2019da do\u011fmu\u015f ve hukuk fak\u00fcltesini ba\u015far\u0131yla tamamlad\u0131ktan sonra Adalet Bakanl\u0131\u011f\u0131\u2019nda Cumhuriyet Savc\u0131s\u0131 olarak uzun y\u0131llar g\u00f6rev yapm\u0131\u015ft\u0131r. Bu d\u00f6nemde adaletin sa\u011flanmas\u0131nda \u00f6nemli bir rol oynam\u0131\u015f, hukuk sisteminin \u00e7e\u015fitli y\u00f6nlerinde derin bir&hellip;\t\t\t\t\t\t\t<\/div>\n\t\t\t\t\t\t<\/article>\n\t\t\t\t\t\t\t\t\t\t\t<article id=\"post-571\" class=\"news-item text-center col-md-4 post-571 post type-post status-publish format-standard has-post-thumbnail hentry category-kurucular\">\n\t\t\t\t\t\t\t<div class=\"entry-thumb\">\n\t\t\t\t\t\t\t\t\t\t\t<div class=\"news-thumb \">\n\t\t\t\t<a href=\"https:\/\/gumbetyelken.com\/index.php\/2024\/08\/11\/urfet-karatay\/\" title=\"\u00dcrfet Karatay\">\n\t\t\t\t\t<img loading=\"lazy\" decoding=\"async\" width=\"240\" height=\"240\" src=\"https:\/\/gumbetyelken.com\/wp-content\/uploads\/2024\/08\/urfet_karatay-240x240.png\" class=\"attachment-futurio-med size-futurio-med wp-post-image\" alt=\"\" srcset=\"https:\/\/gumbetyelken.com\/wp-content\/uploads\/2024\/08\/urfet_karatay-240x240.png 240w, https:\/\/gumbetyelken.com\/wp-content\/uploads\/2024\/08\/urfet_karatay-300x300.png 300w, https:\/\/gumbetyelken.com\/wp-content\/uploads\/2024\/08\/urfet_karatay-150x150.png 150w, https:\/\/gumbetyelken.com\/wp-content\/uploads\/2024\/08\/urfet_karatay-768x768.png 768w, https:\/\/gumbetyelken.com\/wp-content\/uploads\/2024\/08\/urfet_karatay.png 900w\" sizes=\"(max-width: 240px) 100vw, 240px\" \/>\t\t\t\t<\/a>\n\t\t\t<\/div><!-- .news-thumb -->\n\t\t\t\t\t\t\t\t\t<\/div>\t\t\t\t\t\t\n\t\t\t\t\t\t\t<h4 class=\"entry-title\"><a href=\"https:\/\/gumbetyelken.com\/index.php\/2024\/08\/11\/urfet-karatay\/\" rel=\"bookmark\">\u00dcrfet Karatay<\/a><\/h4>\t\t\t\t\t\t\t<div class=\"f-line\"><\/div>\n\t\t\t\t\t\t\t<div class=\"post-excerpt\">\n\t\t\t\t\t\t\t\t\u00dcrfet Karatay, 1975 y\u0131l\u0131nda Kars&#8217;ta do\u011fmu\u015ftur. E\u011fitim hayat\u0131n\u0131 tamamlad\u0131ktan sonra turizm sekt\u00f6r\u00fcne ilgi duyan Karatay, bu alanda kendini geli\u015ftirmi\u015f ve sekt\u00f6r\u00fcn farkl\u0131 kademelerinde \u00f6nemli tecr\u00fcbeler edinmi\u015ftir. \u00d6zellikle turizm, tan\u0131t\u0131m ve etkinlik organizasyonlar\u0131 konular\u0131nda uzmanla\u015fan Karatay,&hellip;\t\t\t\t\t\t\t<\/div>\n\t\t\t\t\t\t<\/article>\n\t\t\t\t\t\t\t\t\t\t\t<article id=\"post-552\" class=\"news-item text-center col-md-4 post-552 post type-post status-publish format-standard has-post-thumbnail hentry category-kurucular\">\n\t\t\t\t\t\t\t<div class=\"entry-thumb\">\n\t\t\t\t\t\t\t\t\t\t\t<div class=\"news-thumb \">\n\t\t\t\t<a href=\"https:\/\/gumbetyelken.com\/index.php\/2024\/08\/10\/ahmet-cesur\/\" title=\"Ahmet Cesur\">\n\t\t\t\t\t<img loading=\"lazy\" decoding=\"async\" width=\"240\" height=\"240\" src=\"https:\/\/gumbetyelken.com\/wp-content\/uploads\/2024\/08\/ahmet_cesur-240x240.png\" class=\"attachment-futurio-med size-futurio-med wp-post-image\" alt=\"\" srcset=\"https:\/\/gumbetyelken.com\/wp-content\/uploads\/2024\/08\/ahmet_cesur-240x240.png 240w, https:\/\/gumbetyelken.com\/wp-content\/uploads\/2024\/08\/ahmet_cesur-300x300.png 300w, https:\/\/gumbetyelken.com\/wp-content\/uploads\/2024\/08\/ahmet_cesur-150x150.png 150w, https:\/\/gumbetyelken.com\/wp-content\/uploads\/2024\/08\/ahmet_cesur-768x768.png 768w, https:\/\/gumbetyelken.com\/wp-content\/uploads\/2024\/08\/ahmet_cesur.png 900w\" sizes=\"(max-width: 240px) 100vw, 240px\" \/>\t\t\t\t<\/a>\n\t\t\t<\/div><!-- .news-thumb -->\n\t\t\t\t\t\t\t\t\t<\/div>\t\t\t\t\t\t\n\t\t\t\t\t\t\t<h4 class=\"entry-title\"><a href=\"https:\/\/gumbetyelken.com\/index.php\/2024\/08\/10\/ahmet-cesur\/\" rel=\"bookmark\">Ahmet Cesur<\/a><\/h4>\t\t\t\t\t\t\t<div class=\"f-line\"><\/div>\n\t\t\t\t\t\t\t<div class=\"post-excerpt\">\n\t\t\t\t\t\t\t\t1961 y\u0131l\u0131nda Araban&#8217;da do\u011fdu. 10 y\u0131l\u0131 Ankara&#8217;da olmak \u00fczere, 20 y\u0131l kamuda \u00e7al\u0131\u015ft\u0131. B\u00fcrokrasi, siyaset ve devlet konular\u0131nda tecr\u00fcbeler kazand\u0131. \u00c7e\u015fitli siyasi partilerin \u00e7ok say\u0131da b\u00fcy\u00fck kurultay\u0131n\u0131 yak\u0131ndan takip etti ve bu kurultaylar hakk\u0131nda raporlar&hellip;\t\t\t\t\t\t\t<\/div>\n\t\t\t\t\t\t<\/article>\n\t\t\t\t\t\t\t\t\t<\/div>\n\t\t\t<\/div>\n\n\t\t\t\n\t\t\t\t<\/div>\n\t\t\t\t<\/div>\n\t\t\t\t\t<\/div>\n\t\t\t\t<\/div>\n\t\t\t\t<\/div>\n\t\t","protected":false},"excerpt":{"rendered":"<p>Ahmet Cesur 1961 y\u0131l\u0131nda Araban&#8217;da do\u011fdu. 10 y\u0131l\u0131 Ankara&#8217;da olmak \u00fczere, 20 y\u0131l kamuda \u00e7al\u0131\u015ft\u0131. B\u00fcrokrasi, siyaset ve devlet konular\u0131nda tecr\u00fcbeler kazand\u0131. \u00c7e\u015fitli siyasi partilerin \u00e7ok say\u0131da b\u00fcy\u00fck kurultay\u0131n\u0131 yak\u0131ndan takip etti ve bu kurultaylar hakk\u0131nda raporlar&hellip; Y\u0131lmaz Mansuro\u011flu Elaz\u0131\u011f do\u011fumlu olan Y\u0131lmaz Mansuro\u011flu, 1973 y\u0131l\u0131nda d\u00fcnyaya geldi ve gen\u00e7 ya\u015fta turizm sekt\u00f6r\u00fcne ad\u0131m att\u0131.&hellip;<\/p>\n","protected":false},"author":1,"featured_media":0,"parent":0,"menu_order":0,"comment_status":"closed","ping_status":"closed","template":"","meta":{"footnotes":""},"class_list":["post-373","page","type-page","status-publish","hentry"],"_links":{"self":[{"href":"https:\/\/gumbetyelken.com\/index.php\/wp-json\/wp\/v2\/pages\/373","targetHints":{"allow":["GET"]}}],"collection":[{"href":"https:\/\/gumbetyelken.com\/index.php\/wp-json\/wp\/v2\/pages"}],"about":[{"href":"https:\/\/gumbetyelken.com\/index.php\/wp-json\/wp\/v2\/types\/page"}],"author":[{"embeddable":true,"href":"https:\/\/gumbetyelken.com\/index.php\/wp-json\/wp\/v2\/users\/1"}],"replies":[{"embeddable":true,"href":"https:\/\/gumbetyelken.com\/index.php\/wp-json\/wp\/v2\/comments?post=373"}],"version-history":[{"count":21,"href":"https:\/\/gumbetyelken.com\/index.php\/wp-json\/wp\/v2\/pages\/373\/revisions"}],"predecessor-version":[{"id":567,"href":"https:\/\/gumbetyelken.com\/index.php\/wp-json\/wp\/v2\/pages\/373\/revisions\/567"}],"wp:attachment":[{"href":"https:\/\/gumbetyelken.com\/index.php\/wp-json\/wp\/v2\/media?parent=373"}],"curies":[{"name":"wp","href":"https:\/\/api.w.org\/{rel}","templated":true}]}}