{"id":473,"date":"2024-07-19T22:22:28","date_gmt":"2024-07-19T19:22:28","guid":{"rendered":"https:\/\/gumbetyelken.com\/?page_id=473"},"modified":"2024-07-19T22:44:50","modified_gmt":"2024-07-19T19:44:50","slug":"hakkimizda","status":"publish","type":"page","link":"https:\/\/gumbetyelken.com\/index.php\/hakkimizda\/","title":{"rendered":"Hakk\u0131m\u0131zda"},"content":{"rendered":"\t\t<div data-elementor-type=\"wp-page\" data-elementor-id=\"473\" class=\"elementor elementor-473\">\n\t\t\t\t<div class=\"elementor-element elementor-element-a6da463 e-flex e-con-boxed e-con e-parent\" data-id=\"a6da463\" data-element_type=\"container\">\n\t\t\t\t\t<div class=\"e-con-inner\">\n\t\t\t\t<div class=\"elementor-element elementor-element-262250d elementor-widget elementor-widget-text-editor\" data-id=\"262250d\" data-element_type=\"widget\" data-widget_type=\"text-editor.default\">\n\t\t\t\t<div class=\"elementor-widget-container\">\n\t\t\t<style>\/*! elementor - v3.21.0 - 26-05-2024 *\/\n.elementor-widget-text-editor.elementor-drop-cap-view-stacked .elementor-drop-cap{background-color:#69727d;color:#fff}.elementor-widget-text-editor.elementor-drop-cap-view-framed .elementor-drop-cap{color:#69727d;border:3px solid;background-color:transparent}.elementor-widget-text-editor:not(.elementor-drop-cap-view-default) .elementor-drop-cap{margin-top:8px}.elementor-widget-text-editor:not(.elementor-drop-cap-view-default) .elementor-drop-cap-letter{width:1em;height:1em}.elementor-widget-text-editor .elementor-drop-cap{float:left;text-align:center;line-height:1;font-size:50px}.elementor-widget-text-editor .elementor-drop-cap-letter{display:inline-block}<\/style>\t\t\t\t<h3>Kurulu\u015f<\/h3><p>G\u00fcmbet Yelken Spor Kul\u00fcb\u00fc, sporun g\u00fcc\u00fcne ve birle\u015ftirici etkisine inanan bir grup \u00f6nc\u00fc taraf\u0131ndan kurulmu\u015ftur. Avni Kozan, Y\u0131lmaz Mansuro\u011flu, \u00d6zkan G\u00fc\u00e7tekin, Faruk Soysal, Sinan Atasoy, \u00dcrfet Karatay ve Ahmet Cesur, ortak de\u011ferler ve hedefler etraf\u0131nda bir araya gelerek, sporun sadece fiziksel de\u011fil, ayn\u0131 zamanda zihinsel ve ahlaki geli\u015fime de katk\u0131da bulunabilece\u011fi inanc\u0131yla kul\u00fcb\u00fcn kurulu\u015funu ger\u00e7ekle\u015ftirdiler.<\/p><h3>Resmiyete Kavu\u015fma ve \u0130lk Kongre<\/h3><p>Kul\u00fcb\u00fcm\u00fcz, kurulu\u015f s\u00fcrecini tamamlad\u0131ktan sonra, 7 Haziran 2024 tarihinde kurucu yedi \u00fcyeye, dokuz \u00fcyenin daha kat\u0131l\u0131m\u0131yla ilk kongresini ger\u00e7ekle\u015ftirerek resmiyet kazanm\u0131\u015ft\u0131r. Bu kongre, G\u00fcmbet Yelken Spor Kul\u00fcb\u00fc&#8217;n\u00fcn gelecekteki yap\u0131s\u0131n\u0131 ve misyonunu belirlemek ad\u0131na \u00f6nemli bir ad\u0131m olmu\u015ftur.<\/p><h3>Kl\u00fcb\u00fcm\u00fcz<\/h3><p>G\u00fcmbet Yelken Spor Kul\u00fcb\u00fc olarak, deniz tutkunlar\u0131n\u0131 bir araya getiren, yelken sporunu sevdirmek ve yayg\u0131nla\u015ft\u0131rmak amac\u0131yla 2024 y\u0131l\u0131nda kuruldu. Profesyonel antren\u00f6r kadrosu ve geni\u015f yelkenli filosu ile her ya\u015f ve seviyeden sporcuya hitap eden e\u011fitim programlar\u0131 sunmay\u0131 ama\u00e7l\u0131yoruz. Hem amat\u00f6r yelkencilerin hem de profesyonel yar\u0131\u015f\u00e7\u0131lar\u0131m\u0131z\u0131n ihtiya\u00e7lar\u0131na uygun \u015fekilde d\u00fczenlenen kurslar\u0131m\u0131zla, denizde g\u00fcvenli ve keyifli bir deneyim ya\u015fatmay\u0131 hedefliyoruz. Do\u011fayla i\u00e7 i\u00e7e olan kul\u00fcb\u00fcm\u00fczde, deniz ve r\u00fczgar\u0131n e\u015fsiz uyumunu ke\u015ffederken, tak\u0131m ruhunu ve dayan\u0131\u015fmay\u0131 peki\u015ftireceksiniz.<\/p><p>Kul\u00fcb\u00fcm\u00fcz, y\u0131l boyunca d\u00fczenledi\u011fi sosyal etkinlikler ve yar\u0131\u015fmalarla \u00fcyelerimiz ve sporcular\u0131m\u0131za keyifli ve unutulmaz anlar ya\u015fatmay\u0131 hedefliyor. Ege&#8217;nin muhte\u015fem sular\u0131nda ger\u00e7ekle\u015ftirece\u011fimiz yelken turlar\u0131 ve yar\u0131\u015flarla, hem do\u011fayla i\u00e7 i\u00e7e olman\u0131n tad\u0131n\u0131 \u00e7\u0131karabilir hem de yelken sporundaki becerilerinizi geli\u015ftirebilirsiniz. G\u00fcmbet Yelken Spor Kul\u00fcb\u00fc, ailemiz haline gelen \u00fcyelerimizle birlikte, yelken sporunun b\u00fcy\u00fcleyici d\u00fcnyas\u0131n\u0131 ke\u015ffetmeyi ve payla\u015fmay\u0131 hedefliyor.<\/p>\t\t\t\t\t\t<\/div>\n\t\t\t\t<\/div>\n\t\t\t\t\t<\/div>\n\t\t\t\t<\/div>\n\t\t\t\t<\/div>\n\t\t","protected":false},"excerpt":{"rendered":"<p>Kurulu\u015f G\u00fcmbet Yelken Spor Kul\u00fcb\u00fc, sporun g\u00fcc\u00fcne ve birle\u015ftirici etkisine inanan bir grup \u00f6nc\u00fc taraf\u0131ndan kurulmu\u015ftur. Avni Kozan, Y\u0131lmaz Mansuro\u011flu, \u00d6zkan G\u00fc\u00e7tekin, Faruk Soysal, Sinan Atasoy, \u00dcrfet Karatay ve Ahmet Cesur, ortak de\u011ferler ve hedefler etraf\u0131nda bir araya gelerek, sporun sadece fiziksel de\u011fil, ayn\u0131 zamanda zihinsel ve ahlaki geli\u015fime de katk\u0131da bulunabilece\u011fi inanc\u0131yla kul\u00fcb\u00fcn kurulu\u015funu&hellip;<\/p>\n","protected":false},"author":1,"featured_media":0,"parent":0,"menu_order":0,"comment_status":"closed","ping_status":"closed","template":"","meta":{"footnotes":""},"class_list":["post-473","page","type-page","status-publish","hentry"],"_links":{"self":[{"href":"https:\/\/gumbetyelken.com\/index.php\/wp-json\/wp\/v2\/pages\/473","targetHints":{"allow":["GET"]}}],"collection":[{"href":"https:\/\/gumbetyelken.com\/index.php\/wp-json\/wp\/v2\/pages"}],"about":[{"href":"https:\/\/gumbetyelken.com\/index.php\/wp-json\/wp\/v2\/types\/page"}],"author":[{"embeddable":true,"href":"https:\/\/gumbetyelken.com\/index.php\/wp-json\/wp\/v2\/users\/1"}],"replies":[{"embeddable":true,"href":"https:\/\/gumbetyelken.com\/index.php\/wp-json\/wp\/v2\/comments?post=473"}],"version-history":[{"count":4,"href":"https:\/\/gumbetyelken.com\/index.php\/wp-json\/wp\/v2\/pages\/473\/revisions"}],"predecessor-version":[{"id":480,"href":"https:\/\/gumbetyelken.com\/index.php\/wp-json\/wp\/v2\/pages\/473\/revisions\/480"}],"wp:attachment":[{"href":"https:\/\/gumbetyelken.com\/index.php\/wp-json\/wp\/v2\/media?parent=473"}],"curies":[{"name":"wp","href":"https:\/\/api.w.org\/{rel}","templated":true}]}}